{"id":9,"date":"2011-04-07T22:44:11","date_gmt":"2011-04-07T16:44:11","guid":{"rendered":"http:\/\/kinderschutzbund-schopfheim.de\/?page_id=9"},"modified":"2026-03-13T01:49:17","modified_gmt":"2026-03-12T19:49:17","slug":"tagesmutter","status":"publish","type":"page","link":"https:\/\/kinderschutzbund-schopfheim.de\/?page_id=9","title":{"rendered":"Fachdienst Kindertagespflege"},"content":{"rendered":"\n<p class=\"has-text-color has-link-color has-medium-font-size wp-elements-905cde04bb31c1fc089dc1c92c362aed\" style=\"color:#010101\"><strong><strong>Sie suchen eine Tagesmutter oder einen Tagesvater?<\/strong><\/strong><\/p>\n\n\n<div class=\"wp-block-image is-style-default\">\n<figure class=\"alignright is-resized\"><img loading=\"lazy\" decoding=\"async\" width=\"400\" height=\"400\" src=\"https:\/\/kinderschutzbund-schopfheim.de\/wp-content\/uploads\/2018\/05\/38.jpg\" alt=\"\" class=\"wp-image-1674\" style=\"width:481px;height:auto\" srcset=\"https:\/\/kinderschutzbund-schopfheim.de\/wp-content\/uploads\/2018\/05\/38.jpg 400w, https:\/\/kinderschutzbund-schopfheim.de\/wp-content\/uploads\/2018\/05\/38-150x150.jpg 150w, https:\/\/kinderschutzbund-schopfheim.de\/wp-content\/uploads\/2018\/05\/38-300x300.jpg 300w, https:\/\/kinderschutzbund-schopfheim.de\/wp-content\/uploads\/2018\/05\/38-365x365.jpg 365w\" sizes=\"auto, (max-width: 400px) 100vw, 400px\" \/><\/figure>\n<\/div>\n\n\n<p class=\"has-text-color has-link-color has-small-font-size wp-elements-cb47cb847d0c710b910d8aeb6b6a160e\" style=\"color:#090a0afc\">Wir beraten Sie gerne und vermitteln Ihnen aus unserem Netzwerk eine ebenso vertrauensw\u00fcrdige wie qualifizierte Tagesmutter oder einen Tagesvater.<br>Der Kinderschutzbund Schopfheim e.V. ist im Landkreis L\u00f6rrach einer von <a href=\"http:\/\/kindertagespflege-landkreis-loerrach.de\/\" target=\"_blank\" rel=\"noreferrer noopener\"><strong>vier Fachdiensten Kindertagespflege<\/strong><\/a> und Ihr Ansprechpartner in den Gemeinden Steinen, Maulburg, Schopfheim, Kleines Wiesental, Hausen im Wiesental, Zell im Wiesental, H\u00e4g-Ehrsberg, GVV Sch\u00f6nau im Schwarzwald, Todtnau und Sch\u00f6nenberg.<br>Der Landkreis L\u00f6rrach f\u00f6rdert die Kindertagespflege mit EUR 8.50 pro Betreuungsstunde f\u00fcr Kinder 0 &#8211; 3. Der Zuschuss wird einkommensunabh\u00e4ngig bezahlt. Weitere F\u00f6rderung pro Stunde und Kind bezahlen <a href=\"https:\/\/kinderschutzbund-schopfheim.de\/?page_id=1420\"><strong>v<\/strong>iele Gemeinden<strong>.<\/strong><\/a><\/p>\n\n\n\n<p class=\"has-text-color has-link-color has-small-font-size wp-elements-61b813865644ba633b6d08b9c1fb6402\" style=\"color:#090909\">Eltern, die den Antrag auf F\u00f6rderung der Kindertagespflege im Landkreis L\u00f6rrach stellen, bezahlen monatlich einen Betrag an den Landkreis. Dieser ist abh\u00e4ngig vom Alter des Tageskindes, von der Anzahl Kinder in der eigenen Familie und von der Anzahl der Betreuungsstunden.&nbsp; Mehr Info dazu auch auf der <strong><a href=\"https:\/\/www.loerrach-landkreis.de\/Dienstleistung?view=publish&amp;item=service&amp;id=2411\" target=\"_blank\" rel=\"noopener\">Website Landkreis L\u00f6rrach, Thema: Kindertagespflege<\/a>.<\/strong> Die aktuell g\u00fcltige Kostenbeitragstabelle, die Antragsformulare f\u00fcr Eltern und die F\u00f6rderantr\u00e4ge auf Betreuungszusch\u00fcsse diverser Gemeinden finden Sie in unserem <strong><a href=\"https:\/\/kinderschutzbund-schopfheim.de\/?page_id=1420\">Download Bereich.<\/a><\/strong><\/p>\n\n\n\n<p class=\"has-text-color has-link-color has-medium-font-size wp-elements-9fec84240738c18139742fa55318579e\" style=\"color:#070707\"><strong>Sie m\u00f6chten Tagesmutter oder Tagesvater werden?<\/strong><\/p>\n\n\n\n<p class=\"has-text-color has-link-color has-small-font-size wp-elements-18e40cd5924fd88e6c3e420adfb40ff1\" style=\"color:#0e0e0e\">Wir sind G\u00fctesiegel-zertifizierter Bildungstr\u00e4ger und bilden Sie in 300 Unterrichtseinheiten zur Tagespflegeperson aus. Sie sind nach erfolgreichem Abschluss dieses Kurses Tagespflegeperson mit offizieller Tagespflegeerlaubnis. Wir begleiten Sie in Ihrer Arbeit als Tagespflegeperson. Der n\u00e4chste <strong>Kurs beginnt bald <\/strong>in <a href=\"https:\/\/kinderschutzbund-schopfheim.de\/?page_id=1420\">Schopfheim<\/a>. Weitere Kursangebote starten in\u00a0 <a href=\"http:\/\/wufi-weil.de\/?page_id=2178\">Weil am Rhein<\/a>, in <a href=\"https:\/\/www.familienzentrum-rheinfelden.de\/kindertagespflege-2\/\">Rheinfelden<\/a> und in <a href=\"http:\/\/www.kindertagespflege-loe.de\/\">L\u00f6rrach<\/a>. Die Ausbildung, <a href=\"https:\/\/kinderschutzbund-schopfheim.de\/?page_id=1420\">Fortbildung<\/a> und Begleitung durch uns ist kostenlos. <strong>Kurs- und Fortbildungstermine sowie Inhalte<\/strong> finden Sie im <strong><a href=\"https:\/\/kinderschutzbund-schopfheim.de\/?page_id=1420\" target=\"_blank\" rel=\"noopener\">Downloadbereich<\/a>. <\/strong><\/p>\n\n\n\n<p class=\"has-text-color has-link-color has-small-font-size wp-elements-52f1a92215119bbcba131fd970fb9f35\" style=\"color:#0e0e0e\">Kontaktieren Sie uns!<strong><br><\/strong>Ansprechpartnerin f\u00fcr Beratung, Vermittlung, Ausbildung und Fortbildung:<br><a href=\"mailto:a.homberg@kinderschutzbund-schopfheim.de\" rel=\"noopener\"><strong>Anna Homberg<\/strong><\/a> +&nbsp;<a href=\"mailto:k.trefzger@kinderschutzbund-schopfheim.de\" rel=\"noopener\"><strong>Kirsten Trefzge<\/strong><\/a><strong><a href=\"mailto:k.trefzger@kinderschutzbund-schopfheim.de\" rel=\"noopener\">r<\/a> <\/strong>+ <a href=\"mailto:kindertagespflege@kinderschutzbund-schopfheim.de\"><strong>Christiane Spiller<\/strong><\/a><br>Tel. 07622\/ 639 29&nbsp; \/&nbsp;B\u00fcrozeiten: Mo &#8211; Fr&nbsp; von 9- 12 Uhr<\/p>\n\n\n\n<p class=\"has-text-color has-link-color has-small-font-size wp-elements-17300ab592ef8b854f504b645ec6034c\" style=\"color:#0e0e0e\">Weitere Informationen<br>Umfangreiche Informationen zur Kindertagespflege finden Sie auch auf der <a href=\"https:\/\/handbuch-kindertagespflege.fruehe-chancen.de\/links-material\" target=\"_blank\" rel=\"noreferrer noopener\"><strong>Website der <\/strong>Bundesregierung.<\/a><br>Wir sind Mitglied im <a href=\"https:\/\/www.kindertagespflege-bw.de\/\" rel=\"noopener\"><strong>Landesverband Kindertagespflege <\/strong>Baden-W\u00fcrttemberg e.V.<\/a><a href=\"https:\/\/www.berufung-kindertagespflege.de\/\"><\/a> Mehr Infozum Beruf Tagespflegeperson<a href=\"https:\/\/www.berufung-kindertagespflege.de\/\"><strong>hier<\/strong>.<\/a><br>Info hier \u00fcber die f\u00fcr Sie <a href=\"https:\/\/www.loerrach-landkreis.de\/de\/Service-Verwaltung\/Buergerservice-A-Z\/Dienstleistung?view=publish&amp;item=service&amp;id=2095\" target=\"_blank\" rel=\"noopener\"><strong>zust\u00e4ndigen Jugendamt-Mitarbeiter<\/strong><\/a> zum Thema Kindertagespflege im Landkreis L\u00f6rrach.<\/p>\n\n\n\n<p class=\"has-text-color has-link-color wp-elements-d3b08a711dac224bcb058ba3c5429974\" style=\"color:#0e0e0e\"><\/p>\n\n\n\n<p><\/p>\n","protected":false},"excerpt":{"rendered":"<p>Sie suchen eine Tagesmutter oder einen Tagesvater? Wir beraten Sie gerne und vermitteln Ihnen aus unserem Netzwerk eine ebenso vertrauensw\u00fcrdige wie qualifizierte Tagesmutter oder einen Tagesvater.Der Kinderschutzbund Schopfheim e.V. ist im Landkreis L\u00f6rrach einer von vier Fachdiensten Kindertagespflege und Ihr Ansprechpartner in den Gemeinden Steinen, Maulburg, Schopfheim, Kleines Wiesental, Hausen im Wiesental, Zell im Wiesental, [&hellip;]<\/p>\n","protected":false},"author":1,"featured_media":0,"parent":15,"menu_order":0,"comment_status":"closed","ping_status":"closed","template":"template-full.php","meta":{"footnotes":""},"class_list":["post-9","page","type-page","status-publish","hentry"],"_links":{"self":[{"href":"https:\/\/kinderschutzbund-schopfheim.de\/index.php?rest_route=\/wp\/v2\/pages\/9","targetHints":{"allow":["GET"]}}],"collection":[{"href":"https:\/\/kinderschutzbund-schopfheim.de\/index.php?rest_route=\/wp\/v2\/pages"}],"about":[{"href":"https:\/\/kinderschutzbund-schopfheim.de\/index.php?rest_route=\/wp\/v2\/types\/page"}],"author":[{"embeddable":true,"href":"https:\/\/kinderschutzbund-schopfheim.de\/index.php?rest_route=\/wp\/v2\/users\/1"}],"replies":[{"embeddable":true,"href":"https:\/\/kinderschutzbund-schopfheim.de\/index.php?rest_route=%2Fwp%2Fv2%2Fcomments&post=9"}],"version-history":[{"count":407,"href":"https:\/\/kinderschutzbund-schopfheim.de\/index.php?rest_route=\/wp\/v2\/pages\/9\/revisions"}],"predecessor-version":[{"id":3906,"href":"https:\/\/kinderschutzbund-schopfheim.de\/index.php?rest_route=\/wp\/v2\/pages\/9\/revisions\/3906"}],"up":[{"embeddable":true,"href":"https:\/\/kinderschutzbund-schopfheim.de\/index.php?rest_route=\/wp\/v2\/pages\/15"}],"wp:attachment":[{"href":"https:\/\/kinderschutzbund-schopfheim.de\/index.php?rest_route=%2Fwp%2Fv2%2Fmedia&parent=9"}],"curies":[{"name":"wp","href":"https:\/\/api.w.org\/{rel}","templated":true}]}}