{"id":854,"date":"2016-07-19T22:22:59","date_gmt":"2016-07-19T16:22:59","guid":{"rendered":"http:\/\/kinderschutzbund-schopfheim.de\/?page_id=854"},"modified":"2018-05-29T17:55:34","modified_gmt":"2018-05-29T11:55:34","slug":"ksb-english-summary-page","status":"publish","type":"page","link":"https:\/\/kinderschutzbund-schopfheim.de\/?page_id=854","title":{"rendered":"KSB &#8211; English summary page"},"content":{"rendered":"<p><strong>Dear visitor, a warm Welcome to Kinderschutzbund-Schopfheim.de<\/strong><\/p>\n<p><strong>About Us<br \/>\n<\/strong>Taking action in communities and for all children \u2013 Kinderschutzbund Schopfheim activities:<br \/>\n\u2026 \u00a0Lobbying for all children\u2019s rights according to the UN Convention on the Rights of the Child of 1993.<br \/>\n&#8230; Protection of children from violence, by more than mere finger-pointing: We focus on enabling mechanisms to guarantee a safe environment for every child.<br \/>\n\u2026 Provision of direct support, through Family Counsellors, Homework and Language Support, our ChildLine and training courses for parents, grandparents and babysitters.<br \/>\n&#8230; For the marginalized and underrepresented: We stand up against xenophobia and for refugee children. We condemn cuts in social services.<br \/>\n&#8230; For non-discrimination against children from other countries.<br \/>\n&#8230; For opportunities for fun, public entertainment and festivals in our communities.<br \/>\nKinderschutzbund Schopfheim is part of the national organisation \u201eDeutscher Kinderschutzbund\u201c (DKSB). DKSB was established in Hamburg in 1953 and over time the organisation has grown to be the largest national children\u2019s advocacy group in Germany. Currently, over 50,000 DKSB members in 430 local branches and 16 state-level branches are working together to achieve a better future for all children.<br \/>\nThe local Kinderschutzbund branch in Schopfheim was established in 1985. It is since then that we have actively been promoting children\u2019s and young people\u2019s rights, by taking action within our local communities. We also support parents in our \u201cstrong parent\u201d programme as we believe that strong parents will provide a better home for strong children. We are more than happy to be there for you, whether you are a child, a young person or a parent. We look forward to your call, email, your letter or meeting you personally at our office. See you soon!<\/p>\n<p><strong>Our services<\/strong><\/p>\n<p><strong><strong>Independent day-care professional s<\/strong>ervices<br \/>\n<\/strong>Kinderschutzbund Schopfheim has been licensed by the regional government Landkreis L\u00f6rrach to provide support, certification and training for independent day-care professionals\u00a0in our local communities in Steinen, Maulburg, Tegernau, Schopfheim, Zell, Kleines Wiesental, Todtnau, B\u00f6llen, Malsburg-Marzell, Utzenfeld, Fr\u00f6hnd, Wembach, Wieden, H\u00e4g-Ehrsberg, Sch\u00f6nau, Hausen und Sch\u00f6nenberg.<br \/>\nWe serve as your partner for all your questions and match-making needs for independent day-care professionals,\u00a0families looking for a day care and other interested individuals.<\/p>\n<p><strong>Becoming an\u00a0independent day-care professional<br \/>\n<\/strong>You think becoming an independent day-care professional is for you because<br \/>\n&#8230; you enjoy being with children.<br \/>\n&#8230; you are looking for an interesting opportunity to raise your income.<br \/>\n&#8230; you are at home and have time to spare.<br \/>\n&#8230; you want your child to grow up together with other children.<br \/>\nIf you\u2019d answer YES to one or more of the above, then our training course will be just perfect for you! We are a certified training institution (G\u00fctesiegel) to train you, over the course of 160 training sessions, to become a certified independent day-care professional. After you have successfully completed your course of training, you will hold an official licence to offer day care services, in accordance with German law.<br \/>\nOur next training course is due to start, <a href=\"mailto:info@kinderschutzbund-schopfheim.de\">ask for the next date<\/a>. If you are interested, please do <a href=\"mailto:info@kinderschutzbund-schopfheim.de\"><span style=\"text-decoration: underline;\">get in touch<\/span> <\/a>with us.<\/p>\n<p><strong>Finding an\u00a0independent day-care professional service for your family<br \/>\n<\/strong>You are looking for a day care service because<br \/>\n&#8230; you would like to go work.<br \/>\n&#8230; you are a single parent.<br \/>\n&#8230; you need a day care that will accommodate your varying office hours and\/or late shifts.<br \/>\n&#8230; you are looking for career change.<br \/>\n&#8230; you are in a personal situation of need.<br \/>\nWe will be very happy to discuss your needs with you and assist you in finding a trustworthy and qualified day carer from within our network of carers.<br \/>\nPlease do <a href=\"mailto:info@kinderschutzbund-schopfheim.de\">get in touch with us:<\/a><\/p>\n<p style=\"text-align: justify;\">Your service partners are:\u00a0Anna Homberg and\u00a0Kirsten Trefzger.<br \/>\nTel. +49 7622 639 29<br \/>\nOffice hours: Mo \u2013 Fr\u00a0, 9- 12am.<\/p>\n<p><strong>Early Help \u2013 Family Counsellors<br \/>\n<\/strong>Kinderschutzbund Schopfheim is an official implementing partner in the Early Help \u2013 Family Counsellor Programme by the regional government Landkreis L\u00f6rrach.<br \/>\n<strong>What are Family Counsellors? What do they do?<br \/>\n<\/strong>Family Counsellors are there to support families with small children under the age of 3 in special situations. They are volunteers, however, they receive a standardized training to make sure they have the necessary skills. Once fully trained, Family Counsellors will support a family once a week, for 2-3 hours, and over the course of six to twelve months.<br \/>\n<strong>In what kind of situation can a Family Counsellor assist?<br \/>\n<\/strong>Some families like to rely on a Family Counsellor\u2019s support when<br \/>\n&#8230; they need some help after a child has been born.<br \/>\n&#8230; there is a situation of special need\u00a0 for one or more of the young children.<br \/>\n&#8230; parents feel they need support in parenting young children.<br \/>\n&#8230; they are single parents.<br \/>\n&#8230; they are facing difficult divorce or separation.<br \/>\n&#8230; they live in the area but wish to become more fully integrated members of their communities.<br \/>\n&#8230; they face difficulty in caring for multiple siblings.<br \/>\n<strong>How can I become a Family Counsellor? What will be expected of me?<br \/>\n<\/strong>As a Family Counsellor, you will become part of the Early Help \u2013 Family Counsellor Programme. This means that you will receive professional support from our side at all times. Kinderschutzbund Schopfheim will provide a free-of-charge training for you prior to your volunteering in families, and you will receive further support throughout. Training and support will be provided by our permanent staff at Kinderschutzbund Schopfheim. The training consists of 52 training sessions, including first aid for baby and child. Please <a href=\"mailto:familienpaten@kinderschutzbund-schopfheim.de\">ask for further details <\/a>on the Early Help \u2013 Family Counsellor Programme here, as well as the schedule of our training courses.<br \/>\nIf this sounds interesting to you, please do not hesitate to <a href=\"mailto:familienpaten@kinderschutzbund-schopfheim.de\">get in touch.<\/a><br \/>\n<strong>How to get in touch<br \/>\n<\/strong>Families and interested individuals, please ask for Anja Sethmann-Laudert or Anna Homberg.<br \/>\nAlternatively, families may request that we get in touch with them: Just leave your details with your paediatrician, kindergarten teacher, social service provider such as in hospitals, with your midwife or your pregnancy advisor, and ask them to let us know you\u2019d like to get in touch. We will contact you asap.<br \/>\nIf you want us to, we will come to visit your family home to discuss your needs and any further steps. All our Family Counsellor services are free- of-charge.<\/p>\n<p><strong>ChildLine \u2013 Nummer gegen Kummer<br \/>\n<\/strong><strong>Call us at 116 111 or 0800 &#8211; 111 0 333!<br \/>\n<\/strong>Monday-Saturday from 2-8pm.<br \/>\nIf you are a child or a young person up to 21 years old, this is for you. The ChildLine \u2013 Nummer gegen Kummer is exclusively for young people: Call for any questions at all, and for anxieties or worries you might have and that you feel you cannot share with anyone around you. We will not ask you to tell us your name if you don\u2019t want to, and nobody will be allowed to know that you called us, not even your parents or your teachers.<br \/>\nYou can talk to us about anything you want, including:<br \/>\n&#8230; Love, sex, relationships.<br \/>\n&#8230; If you have problems with or are unhappy with yourself.<br \/>\n&#8230; If your parents have just separated or divorced.<br \/>\n&#8230; Smoking cigarettes, marihuana, drinking alcohol and using drugs.<br \/>\n&#8230; Any violence in your family or your surroundings.<br \/>\n&#8230; Sexual abuse and violence.<br \/>\n&#8230; If you are looking for a more specific advisor or doctor.<br \/>\nOur trained Counsellors will take your problem and questions very seriously, and will assist you in finding a solution for these \u2013 but never without your approval.<br \/>\nBy the way, calling us is&#8230;<br \/>\n&#8230; totally free of charge, from any phone.<br \/>\n&#8230; totally anonymous \u2013 you do not have to give your name and we will tell nobody that you called us.<br \/>\n&#8230; totally confidential \u2013 we will not talk about your personal questions or problems with others.<br \/>\n<strong>If you want to become a volunteer at ChildLine \u2013 Nummer gegen Kummer<br \/>\n<\/strong>We are always looking for new volunteer counsellors to join our team and to answer our ChildLine telephones. If you are interested, please <span style=\"text-decoration: underline;\"><a href=\"mailto:info@kinderschutzbund-schopfheim.de\">contact us<\/a><\/span> \u2013 we will be very happy to hear from you!<br \/>\nThese are some more facts on the ChildLine \u2013 Nummer gegen Kummer:<br \/>\n&#8230; ChildLines have been up and running at our Schopfheim location since 1993.<br \/>\n&#8230; Children and young people learn more about the ChildLine &#8211;\u00a0 Nummer gegen Kummer in <a href=\"http:\/\/s521749240.online.de\/s.mp4\">this <span style=\"text-decoration: underline;\">video spot<\/span> <\/a> (in German language).<br \/>\n&#8230; Our next ChildLine telephone counsellors training course is due to start in autumn 2017.<br \/>\nPlease <a href=\"mailto:info@kinderschutzbund-schopfheim.de\">ask for more detailed information <\/a>on all requirements, training courses and the contents of our work at the ChildLine \u2013 Nummer gegen Kummer.<\/p>\n<p><strong>Services for Children and Young People<br \/>\n<\/strong><strong>Homework and Language Support<\/strong> in Primary Schools \u00a0in Schopfheim, Wiechs, Langenau, Fahrnau, Tegernau, Maulburg und Zell. We offer free-of-charge Homework Support on the site. Please ask your teachers about this.<br \/>\n<strong>Training courses for babysitting<\/strong>: If you are interested, please <a href=\"mailto:info@kinderschutzbund-schopfheim.de\"><span style=\"text-decoration: underline;\">click here<\/span> <\/a>to register.<br \/>\n<strong>Services for Parents<br \/>\n<\/strong>Training course \u201cStrong Grandparents \u2013 Strong Children\u201d \u2013 please <a href=\"mailto:info@kinderschutzbund-schopfheim.de\"><span style=\"text-decoration: underline;\">click here<\/span> <\/a>to register.<br \/>\nTraining course \u201cStrong Parents \u2013 Strong Children\u201d \u2013 please <a href=\"mailto:info@kinderschutzbund-schopfheim.de\"><span style=\"text-decoration: underline;\">click here<\/span> <\/a>to register.<br \/>\n<strong>Contact<br \/>\n<\/strong>Deutscher Kinderschutzbund Ortsverband Schopfheim e.V.<br \/>\nWehrer Str. 5 |\u00a079650 Schopfheim<br \/>\nTel:\u00a0 \u00a0+49 7622 639 29\u00a0 Fax: +49 7622 667 59 60<br \/>\n<a href=\"mailto:info@kinderschutzbund-schopfheim.de\">info@kinderschutzbund-schopfheim.de<\/a><br \/>\n<strong>Office hours: Monday to Friday, 9-12 am, and on appointment.<\/strong><\/p>\n","protected":false},"excerpt":{"rendered":"<p>Dear visitor, a warm Welcome to Kinderschutzbund-Schopfheim.de About Us Taking action in communities and for all children \u2013 Kinderschutzbund Schopfheim activities: \u2026 \u00a0Lobbying for all children\u2019s rights according to the UN Convention on the Rights of the Child of 1993. &#8230; Protection of children from violence, by more than mere finger-pointing: We focus on enabling [&hellip;]<\/p>\n","protected":false},"author":1,"featured_media":0,"parent":0,"menu_order":0,"comment_status":"closed","ping_status":"closed","template":"template-full.php","meta":{"footnotes":""},"class_list":["post-854","page","type-page","status-publish","hentry"],"_links":{"self":[{"href":"https:\/\/kinderschutzbund-schopfheim.de\/index.php?rest_route=\/wp\/v2\/pages\/854","targetHints":{"allow":["GET"]}}],"collection":[{"href":"https:\/\/kinderschutzbund-schopfheim.de\/index.php?rest_route=\/wp\/v2\/pages"}],"about":[{"href":"https:\/\/kinderschutzbund-schopfheim.de\/index.php?rest_route=\/wp\/v2\/types\/page"}],"author":[{"embeddable":true,"href":"https:\/\/kinderschutzbund-schopfheim.de\/index.php?rest_route=\/wp\/v2\/users\/1"}],"replies":[{"embeddable":true,"href":"https:\/\/kinderschutzbund-schopfheim.de\/index.php?rest_route=%2Fwp%2Fv2%2Fcomments&post=854"}],"version-history":[{"count":14,"href":"https:\/\/kinderschutzbund-schopfheim.de\/index.php?rest_route=\/wp\/v2\/pages\/854\/revisions"}],"predecessor-version":[{"id":1852,"href":"https:\/\/kinderschutzbund-schopfheim.de\/index.php?rest_route=\/wp\/v2\/pages\/854\/revisions\/1852"}],"wp:attachment":[{"href":"https:\/\/kinderschutzbund-schopfheim.de\/index.php?rest_route=%2Fwp%2Fv2%2Fmedia&parent=854"}],"curies":[{"name":"wp","href":"https:\/\/api.w.org\/{rel}","templated":true}]}}