{"id":7,"date":"2011-04-07T22:43:51","date_gmt":"2011-04-07T16:43:51","guid":{"rendered":"http:\/\/kinderschutzbund-schopfheim.de\/?page_id=7"},"modified":"2026-03-11T14:20:38","modified_gmt":"2026-03-11T08:20:38","slug":"uber-uns","status":"publish","type":"page","link":"https:\/\/kinderschutzbund-schopfheim.de\/?page_id=7","title":{"rendered":"\u00dcber uns"},"content":{"rendered":"\n<p class=\"has-text-color has-link-color has-small-font-size wp-elements-1c5891cc74a5ad4240b8b4ae10d3bcd0\" style=\"color:#0064ad\"><span style=\"color: #000000;\"><a href=\"http:\/\/www.dksb.de\">Der Kinderschutzbund (DKSB)<\/a><\/span><strong><span style=\"color: #000000;\"> <\/span><\/strong><span style=\"color: #000000;\">wurde 1953 in Hamburg gegr\u00fcndet. Im Laufe seiner Geschichte entwickelte er sich zur gr\u00f6\u00dften Lobby f\u00fcr Kinder in Deutschland.&nbsp;50.000 Mitglieder in 420 Ortsverb\u00e4nden und 16 Landesverb\u00e4nden engagieren sich&nbsp;gemeinsam f\u00fcr die Zukunft aller Kinder.&nbsp;Der Deutsche Kinderschutzbund Ortsverband Schopfheim e.V.<strong>&nbsp;<\/strong> wurde <span class=\"st\">vom Schopfheimer Kinderarzt Dr. Stefan Poloczek gegr\u00fcndet und am 14.03.85 ins Vereinsregister <\/span>beim Amtsgericht Freiburg VR 670219 <span class=\"st\">eingetragen.<\/span><\/span><\/p>\n\n\n\n<p class=\"has-text-color has-link-color has-small-font-size wp-elements-f7f9b88af0c10cdd51ff0723ead0efb5\" style=\"color:#060606\"><strong>Vor Ort f\u00fcr die Kinder aktiv! &#8211; Der Kinderschutzbund in Schopfheim setzt sich ein:<\/strong><br>&#8211;<span style=\"color: #000000;\"> f\u00fcr die Rechte von Kindern nach der UN-Konvention von 1993<\/span><br><span style=\"color: #000000;\">&#8211; f\u00fcr die Aufnahme von individuellen Kinderrechten ins Grundgesetz in einem neuen Artikel 2a.<\/span><br><span style=\"color: #000000;\">&#8211; f\u00fcr den Schutz von Kindern vor Gewalt, ohne jemanden zum S\u00fcndenbock zu machen.<\/span><br><span style=\"color: #000000;\">&#8211; f\u00fcr die Schwachen und Wehrlosen.<\/span><br><span style=\"color: #000000;\">&#8211; gegen Fremdenfeindlichkeit und macht sich stark f\u00fcr Fl\u00fcchtlingskinder und verurteilt K\u00fcrzungen im&nbsp;Sozialbereich<\/span><br><span style=\"color: #000000;\">&#8211; f\u00fcr unmittelbare Hilfe vor Ort durch Angebote der Entlastung durch Familienpaten<\/span><br><span style=\"color: #000000;\">&#8211; f\u00fcr eine leicht erreichbare, pr\u00e4ventive und praktische Unterst\u00fctzung von Eltern durch &gt;Starke Eltern- Starke Kinder&lt; Kurse<\/span><br><span style=\"color: #000000;\">&#8211; dass Kinder und Jugendliche ihre Sorgen bei der &#8222;Nummer gegen Kummer&#8220; besprechen k\u00f6nnen<\/span><br><span style=\"color: #000000;\">&#8211; f\u00fcr eine unterschiedslose Behandlung von deutschen und ausl\u00e4ndischen Kindern<\/span><br><span style=\"color: #000000;\">&#8211; f\u00fcr Hausaufgabenhilfe und Sprachf\u00f6rderung<\/span><br><span style=\"color: #000000;\">&#8211; da\u00df es Spa\u00df, Unterhaltung und Feste f\u00fcr Familien gibt.<\/span><br><span style=\"color: #000000;\">Wir arbeiten nach dem Prinzip &#8222;Hilfe zur Selbsthilfe&#8220;<\/span><\/p>\n\n\n\n<p class=\"has-text-color has-link-color has-small-font-size wp-elements-291a012a101e7550f489e54a8c4cef4d\" style=\"color:#0064ad\"><span style=\"color: #000000;\">Unser <a href=\"https:\/\/kinderschutzbund-schopfheim.de\/wp-content\/uploads\/2026\/03\/UnserDKSBLeitbild.pdf\" target=\"_blank\" rel=\"noreferrer noopener\"><span style=\"color: #0037ad;\">Leitbild<\/span>, <\/a>unser <span style=\"color: #0037ad;\"><a href=\"https:\/\/kinderschutzbund-schopfheim.de\/wp-content\/uploads\/2025\/04\/OrganigrammKSB2025.pdf\">Organigramm<\/a><\/span>, unser&nbsp;<span style=\"color: #0037ad;\"><a href=\"https:\/\/kinderschutzbund-schopfheim.de\/wp-content\/uploads\/2025\/05\/Taetigkeitsbericht2024_2025website.pdf\">T\u00e4tigkeitsbericht<\/a><\/span>, unser <span style=\"color: #0037ad;\"><a href=\"https:\/\/kinderschutzbund-schopfheim.de\/wp-content\/uploads\/2025\/05\/Vorstand-Team-KSB-Schopfe-2025.jpg\">Team + Vorstand<\/a>.&nbsp;<\/span><\/span><\/p>\n\n\n\n<p class=\"has-text-color has-link-color has-small-font-size wp-elements-7b53fe0d24c4ccf52ac52cfd789b08f0\" style=\"color:#090909\"><strong>Der aktuelle Vorstand und die Gesch\u00e4ftsleitung<\/strong><\/p>\n\n\n\n<p class=\"has-text-color has-link-color has-small-font-size wp-elements-227a2fd09095b690f01628a202657797\" style=\"color:#0064ad\"><span style=\"color: #000000;\">1. Vorsitz: Heidi Schmieding<\/span><br><span style=\"color: #000000;\">2. Vorsitz: Frank Breipohl<\/span><br><span style=\"color: #000000;\">Schatzmeister: Heinrich Ehrmann<\/span><br><span style=\"color: #000000;\">Schriftf\u00fchrerin: Ellen Schr\u00f6der-Tretzack<\/span><br><span style=\"color: #000000;\">Beisitzerin: Sibylle Roos<\/span><br><span style=\"color: #000000;\">Gesch\u00e4ftsleitung:\u00a0Diplom Psychologin <a href=\"mailto:a.homberg@kinderschutzbund-schopfheim.de\">Anna Homberg<\/a><\/span><\/p>\n\n\n\n<p class=\"has-small-font-size\"><span style=\"color: #000000;\">Wir sind ein Team von 117 Mitarbeitenden: Festangestellte, Honorarkr\u00e4fte und ehrenamtlich Mitarbeitende. Wir haben 239 Mitglieder.<\/span><\/p>\n","protected":false},"excerpt":{"rendered":"<p>Der Kinderschutzbund (DKSB) wurde 1953 in Hamburg gegr\u00fcndet. Im Laufe seiner Geschichte entwickelte er sich zur gr\u00f6\u00dften Lobby f\u00fcr Kinder in Deutschland.&nbsp;50.000 Mitglieder in 420 Ortsverb\u00e4nden und 16 Landesverb\u00e4nden engagieren sich&nbsp;gemeinsam f\u00fcr die Zukunft aller Kinder.&nbsp;Der Deutsche Kinderschutzbund Ortsverband Schopfheim e.V.&nbsp; wurde vom Schopfheimer Kinderarzt Dr. Stefan Poloczek gegr\u00fcndet und am 14.03.85 ins Vereinsregister beim [&hellip;]<\/p>\n","protected":false},"author":1,"featured_media":0,"parent":0,"menu_order":-99,"comment_status":"closed","ping_status":"closed","template":"template-full.php","meta":{"footnotes":""},"class_list":["post-7","page","type-page","status-publish","hentry"],"_links":{"self":[{"href":"https:\/\/kinderschutzbund-schopfheim.de\/index.php?rest_route=\/wp\/v2\/pages\/7","targetHints":{"allow":["GET"]}}],"collection":[{"href":"https:\/\/kinderschutzbund-schopfheim.de\/index.php?rest_route=\/wp\/v2\/pages"}],"about":[{"href":"https:\/\/kinderschutzbund-schopfheim.de\/index.php?rest_route=\/wp\/v2\/types\/page"}],"author":[{"embeddable":true,"href":"https:\/\/kinderschutzbund-schopfheim.de\/index.php?rest_route=\/wp\/v2\/users\/1"}],"replies":[{"embeddable":true,"href":"https:\/\/kinderschutzbund-schopfheim.de\/index.php?rest_route=%2Fwp%2Fv2%2Fcomments&post=7"}],"version-history":[{"count":254,"href":"https:\/\/kinderschutzbund-schopfheim.de\/index.php?rest_route=\/wp\/v2\/pages\/7\/revisions"}],"predecessor-version":[{"id":3904,"href":"https:\/\/kinderschutzbund-schopfheim.de\/index.php?rest_route=\/wp\/v2\/pages\/7\/revisions\/3904"}],"wp:attachment":[{"href":"https:\/\/kinderschutzbund-schopfheim.de\/index.php?rest_route=%2Fwp%2Fv2%2Fmedia&parent=7"}],"curies":[{"name":"wp","href":"https:\/\/api.w.org\/{rel}","templated":true}]}}