{"id":2,"date":"2008-03-11T11:31:12","date_gmt":"2008-03-11T05:31:12","guid":{"rendered":""},"modified":"2026-02-25T19:41:39","modified_gmt":"2026-02-25T13:41:39","slug":"about","status":"publish","type":"page","link":"https:\/\/kinderschutzbund-schopfheim.de\/","title":{"rendered":"Start\/ Aktuelles"},"content":{"rendered":"\n<p class=\"has-text-align-center has-text-color has-link-color has-large-font-size wp-elements-3389bd7e9deda3d550fa3232c086f94b\" style=\"color:#0064ad\"><strong>Aktuelles vom Kinderschutzbund Schopfheim<\/strong><\/p>\n\n\n\n<div class=\"wp-block-group is-layout-grid wp-container-core-group-is-layout-bacfd918 wp-block-group-is-layout-grid\">\n<div class=\"wp-block-group wp-container-content-79286276 is-vertical is-content-justification-left is-layout-flex wp-container-core-group-is-layout-c0ca7d81 wp-block-group-is-layout-flex\">\n<figure class=\"wp-block-image size-full\"><a href=\"https:\/\/kinderschutzbund-schopfheim.de\/?page_id=9\"><img loading=\"lazy\" decoding=\"async\" width=\"400\" height=\"400\" src=\"https:\/\/kinderschutzbund-schopfheim.de\/wp-content\/uploads\/2018\/05\/38.jpg\" alt=\"Fachdienst Kindertagespflege\" class=\"wp-image-1674\" srcset=\"https:\/\/kinderschutzbund-schopfheim.de\/wp-content\/uploads\/2018\/05\/38.jpg 400w, https:\/\/kinderschutzbund-schopfheim.de\/wp-content\/uploads\/2018\/05\/38-150x150.jpg 150w, https:\/\/kinderschutzbund-schopfheim.de\/wp-content\/uploads\/2018\/05\/38-300x300.jpg 300w, https:\/\/kinderschutzbund-schopfheim.de\/wp-content\/uploads\/2018\/05\/38-365x365.jpg 365w\" sizes=\"auto, (max-width: 400px) 100vw, 400px\" \/><\/a><\/figure>\n\n\n\n<h2 class=\"wp-block-heading has-text-align-left has-medium-font-size\">Kindertagespflege<\/h2>\n\n\n\n<p>Wir haben freie Pl\u00e4tze f\u00fcr Kinder und wir haben freie Ausbildungspl\u00e4tze f\u00fcr Tagespflegepersonen. <strong><a href=\"https:\/\/kinderschutzbund-schopfheim.de\/?page_id=9\">Weiterlesen ..<\/a>.<\/strong><\/p>\n\n\n\n<p class=\"has-text-color has-link-color wp-elements-ac80a3efab29dd05d29cc96cffc72fc2\" style=\"color:#ffffff\">.<\/p>\n<\/div>\n\n\n\n<div class=\"wp-block-group wp-container-content-79286276 is-vertical is-content-justification-left is-layout-flex wp-container-core-group-is-layout-c0ca7d81 wp-block-group-is-layout-flex\">\n<figure class=\"wp-block-image size-full\"><a href=\"https:\/\/kinderschutzbund-schopfheim.de\/?page_id=11\"><img loading=\"lazy\" decoding=\"async\" width=\"400\" height=\"400\" src=\"https:\/\/kinderschutzbund-schopfheim.de\/wp-content\/uploads\/2026\/02\/63.jpg\" alt=\"Familienpaten\" class=\"wp-image-3595\" srcset=\"https:\/\/kinderschutzbund-schopfheim.de\/wp-content\/uploads\/2026\/02\/63.jpg 400w, https:\/\/kinderschutzbund-schopfheim.de\/wp-content\/uploads\/2026\/02\/63-300x300.jpg 300w, https:\/\/kinderschutzbund-schopfheim.de\/wp-content\/uploads\/2026\/02\/63-150x150.jpg 150w, https:\/\/kinderschutzbund-schopfheim.de\/wp-content\/uploads\/2026\/02\/63-365x365.jpg 365w, https:\/\/kinderschutzbund-schopfheim.de\/wp-content\/uploads\/2026\/02\/63-24x24.jpg 24w, https:\/\/kinderschutzbund-schopfheim.de\/wp-content\/uploads\/2026\/02\/63-36x36.jpg 36w, https:\/\/kinderschutzbund-schopfheim.de\/wp-content\/uploads\/2026\/02\/63-48x48.jpg 48w\" sizes=\"auto, (max-width: 400px) 100vw, 400px\" \/><\/a><\/figure>\n\n\n\n<h2 class=\"wp-block-heading has-text-align-left has-medium-font-size\">Familienpaten<\/h2>\n\n\n\n<p>M\u00f6chten Sie ehrenamtliche Familienpatin\/Familienpate werden? Suchen Sie Unterst\u00fctzung f\u00fcr Ihre Familie? <strong><a href=\"https:\/\/kinderschutzbund-schopfheim.de\/?page_id=11\" rel=\"noopener\">Weiterlesen&#8230;<\/a><\/strong><\/p>\n\n\n\n<p class=\"has-text-color has-link-color wp-elements-26b9119e38498250f2ba4f818a99a0a1\" style=\"color:#ffffff\">. <\/p>\n<\/div>\n\n\n\n<div class=\"wp-block-group wp-container-content-79286276 is-vertical is-content-justification-left is-layout-flex wp-container-core-group-is-layout-c0ca7d81 wp-block-group-is-layout-flex\">\n<figure class=\"wp-block-image size-full\"><a href=\"https:\/\/kinderschutzbund-schopfheim.de\/?page_id=13\"><img loading=\"lazy\" decoding=\"async\" width=\"400\" height=\"400\" src=\"https:\/\/kinderschutzbund-schopfheim.de\/wp-content\/uploads\/2018\/05\/schmerz-wegen-herz-02-5ad9258f.jpg\" alt=\"Nummer gegen Kummer\" class=\"wp-image-1650\" srcset=\"https:\/\/kinderschutzbund-schopfheim.de\/wp-content\/uploads\/2018\/05\/schmerz-wegen-herz-02-5ad9258f.jpg 400w, https:\/\/kinderschutzbund-schopfheim.de\/wp-content\/uploads\/2018\/05\/schmerz-wegen-herz-02-5ad9258f-150x150.jpg 150w, https:\/\/kinderschutzbund-schopfheim.de\/wp-content\/uploads\/2018\/05\/schmerz-wegen-herz-02-5ad9258f-300x300.jpg 300w, https:\/\/kinderschutzbund-schopfheim.de\/wp-content\/uploads\/2018\/05\/schmerz-wegen-herz-02-5ad9258f-365x365.jpg 365w\" sizes=\"auto, (max-width: 400px) 100vw, 400px\" \/><\/a><\/figure>\n\n\n\n<h2 class=\"wp-block-heading has-medium-font-size\">Nummer gegen Kummer<\/h2>\n\n\n\n<p>Es beginnt ein neuer Ausbildungskurs f\u00fcr erwachsene und jugendliche Kinder- und JugendtelefonberaterInnen. <a href=\"https:\/\/kinderschutzbund-schopfheim.de\/?page_id=13\" rel=\"noopener\"><strong>Weiterlesen&#8230;&nbsp;<\/strong><\/a><\/p>\n\n\n\n<p class=\"has-text-color has-link-color wp-elements-ac80a3efab29dd05d29cc96cffc72fc2\" style=\"color:#ffffff\">.<\/p>\n<\/div>\n\n\n\n<div class=\"wp-block-group is-vertical is-layout-flex wp-container-core-group-is-layout-8cf370e7 wp-block-group-is-layout-flex\">\n<figure class=\"wp-block-image size-full\"><a href=\"https:\/\/kinderschutzbund-schopfheim.de\/?page_id=1432\"><img loading=\"lazy\" decoding=\"async\" width=\"400\" height=\"400\" src=\"https:\/\/kinderschutzbund-schopfheim.de\/wp-content\/uploads\/2018\/05\/54.jpg\" alt=\"\" class=\"wp-image-1681\" srcset=\"https:\/\/kinderschutzbund-schopfheim.de\/wp-content\/uploads\/2018\/05\/54.jpg 400w, https:\/\/kinderschutzbund-schopfheim.de\/wp-content\/uploads\/2018\/05\/54-150x150.jpg 150w, https:\/\/kinderschutzbund-schopfheim.de\/wp-content\/uploads\/2018\/05\/54-300x300.jpg 300w, https:\/\/kinderschutzbund-schopfheim.de\/wp-content\/uploads\/2018\/05\/54-365x365.jpg 365w\" sizes=\"auto, (max-width: 400px) 100vw, 400px\" \/><\/a><\/figure>\n\n\n\n<h2 class=\"wp-block-heading has-medium-font-size\">Elternkurse<\/h2>\n\n\n\n<p>Mehrfach im Jahr finden Starke Eltern-Starke Kinder<strong><sup>\u00ae<\/sup><\/strong> Abende statt. <a href=\"https:\/\/kinderschutzbund-schopfheim.de\/?page_id=1432\"><strong>Weiterlesen&#8230; <\/strong><\/a><\/p>\n\n\n\n<p class=\"has-text-color has-link-color wp-elements-ac80a3efab29dd05d29cc96cffc72fc2\" style=\"color:#ffffff\">.<\/p>\n<\/div>\n\n\n\n<div class=\"wp-block-group wp-container-content-79286276 is-vertical is-layout-flex wp-container-core-group-is-layout-8cf370e7 wp-block-group-is-layout-flex\">\n<figure class=\"wp-block-image size-full\"><a href=\"https:\/\/kinderschutzbund-schopfheim.de\/?page_id=1434\"><img loading=\"lazy\" decoding=\"async\" width=\"400\" height=\"400\" src=\"https:\/\/kinderschutzbund-schopfheim.de\/wp-content\/uploads\/2018\/05\/35.jpg\" alt=\"Hausaufgabenbetreuung\" class=\"wp-image-1693\" srcset=\"https:\/\/kinderschutzbund-schopfheim.de\/wp-content\/uploads\/2018\/05\/35.jpg 400w, https:\/\/kinderschutzbund-schopfheim.de\/wp-content\/uploads\/2018\/05\/35-150x150.jpg 150w, https:\/\/kinderschutzbund-schopfheim.de\/wp-content\/uploads\/2018\/05\/35-300x300.jpg 300w, https:\/\/kinderschutzbund-schopfheim.de\/wp-content\/uploads\/2018\/05\/35-365x365.jpg 365w\" sizes=\"auto, (max-width: 400px) 100vw, 400px\" \/><\/a><\/figure>\n\n\n\n<h2 class=\"wp-block-heading has-text-align-left has-medium-font-size\">Hausaufgabenbetreuung<\/h2>\n\n\n\n<p>Sie  m\u00f6chten Hausaufgaben in Grundschulen betreuen? <strong><a href=\"https:\/\/kinderschutzbund-schopfheim.de\/?page_id=1434\">Weiterlesen&#8230;<\/a><\/strong><\/p>\n\n\n\n<p class=\"has-text-color has-link-color wp-elements-ac80a3efab29dd05d29cc96cffc72fc2\" style=\"color:#ffffff\">.<\/p>\n<\/div>\n\n\n\n<div class=\"wp-block-group wp-container-content-79286276 is-vertical is-layout-flex wp-container-core-group-is-layout-8cf370e7 wp-block-group-is-layout-flex\">\n<figure class=\"wp-block-image size-full\"><a href=\"https:\/\/kinderschutzbund-schopfheim.de\/?page_id=1438\"><img loading=\"lazy\" decoding=\"async\" width=\"400\" height=\"400\" src=\"https:\/\/kinderschutzbund-schopfheim.de\/wp-content\/uploads\/2018\/05\/59.jpg\" alt=\"Kinderschutzfachkr\u00e4fte\" class=\"wp-image-1678\" srcset=\"https:\/\/kinderschutzbund-schopfheim.de\/wp-content\/uploads\/2018\/05\/59.jpg 400w, https:\/\/kinderschutzbund-schopfheim.de\/wp-content\/uploads\/2018\/05\/59-150x150.jpg 150w, https:\/\/kinderschutzbund-schopfheim.de\/wp-content\/uploads\/2018\/05\/59-300x300.jpg 300w, https:\/\/kinderschutzbund-schopfheim.de\/wp-content\/uploads\/2018\/05\/59-365x365.jpg 365w\" sizes=\"auto, (max-width: 400px) 100vw, 400px\" \/><\/a><\/figure>\n\n\n\n<h2 class=\"wp-block-heading has-text-align-left has-medium-font-size\">Kinderschutzfachkr\u00e4fte<\/h2>\n\n\n\n<p>Wir  unterst\u00fctzen Fachkr\u00e4fte aus der Kinder- und Jugendarbeit bei der Gef\u00e4hrdungseinsch\u00e4tzung im Bereich Kindeswohl. <a href=\"https:\/\/kinderschutzbund-schopfheim.de\/?page_id=1438\"><strong>Weiterlesen&#8230;<\/strong><\/a><\/p>\n\n\n\n<p class=\"has-text-color has-link-color wp-elements-ac80a3efab29dd05d29cc96cffc72fc2\" style=\"color:#ffffff\">.<\/p>\n<\/div>\n<\/div>\n\n\n\n<p><\/p>\n","protected":false},"excerpt":{"rendered":"<p>Aktuelles vom Kinderschutzbund Schopfheim Kindertagespflege Wir haben freie Pl\u00e4tze f\u00fcr Kinder und wir haben freie Ausbildungspl\u00e4tze f\u00fcr Tagespflegepersonen. Weiterlesen &#8230; . Familienpaten M\u00f6chten Sie ehrenamtliche Familienpatin\/Familienpate werden? Suchen Sie Unterst\u00fctzung f\u00fcr Ihre Familie? Weiterlesen&#8230; . Nummer gegen Kummer Es beginnt ein neuer Ausbildungskurs f\u00fcr erwachsene und jugendliche Kinder- und JugendtelefonberaterInnen. Weiterlesen&#8230;&nbsp; . Elternkurse Mehrfach im [&hellip;]<\/p>\n","protected":false},"author":1,"featured_media":0,"parent":0,"menu_order":-101,"comment_status":"closed","ping_status":"closed","template":"template-home.php","meta":{"footnotes":""},"class_list":["post-2","page","type-page","status-publish","hentry"],"_links":{"self":[{"href":"https:\/\/kinderschutzbund-schopfheim.de\/index.php?rest_route=\/wp\/v2\/pages\/2","targetHints":{"allow":["GET"]}}],"collection":[{"href":"https:\/\/kinderschutzbund-schopfheim.de\/index.php?rest_route=\/wp\/v2\/pages"}],"about":[{"href":"https:\/\/kinderschutzbund-schopfheim.de\/index.php?rest_route=\/wp\/v2\/types\/page"}],"author":[{"embeddable":true,"href":"https:\/\/kinderschutzbund-schopfheim.de\/index.php?rest_route=\/wp\/v2\/users\/1"}],"replies":[{"embeddable":true,"href":"https:\/\/kinderschutzbund-schopfheim.de\/index.php?rest_route=%2Fwp%2Fv2%2Fcomments&post=2"}],"version-history":[{"count":741,"href":"https:\/\/kinderschutzbund-schopfheim.de\/index.php?rest_route=\/wp\/v2\/pages\/2\/revisions"}],"predecessor-version":[{"id":3838,"href":"https:\/\/kinderschutzbund-schopfheim.de\/index.php?rest_route=\/wp\/v2\/pages\/2\/revisions\/3838"}],"wp:attachment":[{"href":"https:\/\/kinderschutzbund-schopfheim.de\/index.php?rest_route=%2Fwp%2Fv2%2Fmedia&parent=2"}],"curies":[{"name":"wp","href":"https:\/\/api.w.org\/{rel}","templated":true}]}}