{"id":1458,"date":"2018-05-24T21:21:33","date_gmt":"2018-05-24T15:21:33","guid":{"rendered":"http:\/\/kinderschutzbund-schopfheim.de\/?page_id=1458"},"modified":"2026-02-03T19:02:23","modified_gmt":"2026-02-03T13:02:23","slug":"forderer-sponsor-werden","status":"publish","type":"page","link":"https:\/\/kinderschutzbund-schopfheim.de\/?page_id=1458","title":{"rendered":"F\u00f6rderer\/Sponsor werden"},"content":{"rendered":"<p><img loading=\"lazy\" decoding=\"async\" class=\"alignright size-full wp-image-1707 img-circle\" src=\"https:\/\/kinderschutzbund-schopfheim.de\/wp-content\/uploads\/2018\/05\/58.jpg\" alt=\"\" width=\"400\" height=\"400\" srcset=\"https:\/\/kinderschutzbund-schopfheim.de\/wp-content\/uploads\/2018\/05\/58.jpg 400w, https:\/\/kinderschutzbund-schopfheim.de\/wp-content\/uploads\/2018\/05\/58-150x150.jpg 150w, https:\/\/kinderschutzbund-schopfheim.de\/wp-content\/uploads\/2018\/05\/58-300x300.jpg 300w, https:\/\/kinderschutzbund-schopfheim.de\/wp-content\/uploads\/2018\/05\/58-365x365.jpg 365w, https:\/\/kinderschutzbund-schopfheim.de\/wp-content\/uploads\/2018\/05\/58-60x60.jpg 60w\" sizes=\"auto, (max-width: 400px) 100vw, 400px\" \/><span style=\"color: #000000;\">Sie m\u00f6chten zwar kein permanentes Mitglied werden, unsere Arbeit aber dennoch durch eine j\u00e4hrliche Aktion unterst\u00fctzen?\u00a0Dann werden Sie unser F\u00f6rderer \/ Sponsor.<\/span><\/p>\n<p><span style=\"color: #000000;\">Hier einige Beispiele:<\/span><br \/>\n<span style=\"color: #000000;\">&#8211; Wir werden ihr Charity Partner f\u00fcr Ihren Weihnachtsanlass \/ Ihr Mitarbeiterfest.<\/span><br \/>\n<span style=\"color: #000000;\">&#8211; F\u00fcr jeden Kundenumsatz werden einige Prozent an uns gespendet.<\/span><br \/>\n<span style=\"color: #000000;\">&#8211; Im Rahmen Ihres sportlichen Anlasses wird pro sportlicher Leistung an uns gespendet.<\/span><br \/>\n<span style=\"color: #000000;\">Sehr gerne kommen wir zu Ihnen und entwickeln gemeinsam mit Ihnen ein massgeschneidertes Sponsorenkonzept. Bitte senden Sie Ihre <strong><a style=\"color: #000000;\" href=\"mailto:info@kinderschutzbund-schopfheim.de\" rel=\"noopener\">Interessemail<\/a><\/strong> an uns. DANKE.<\/span><\/p>\n","protected":false},"excerpt":{"rendered":"<p>Sie m\u00f6chten zwar kein permanentes Mitglied werden, unsere Arbeit aber dennoch durch eine j\u00e4hrliche Aktion unterst\u00fctzen?\u00a0Dann werden Sie unser F\u00f6rderer \/ Sponsor. Hier einige Beispiele: &#8211; Wir werden ihr Charity Partner f\u00fcr Ihren Weihnachtsanlass \/ Ihr Mitarbeiterfest. &#8211; F\u00fcr jeden Kundenumsatz werden einige Prozent an uns gespendet. &#8211; Im Rahmen Ihres sportlichen Anlasses wird pro [&hellip;]<\/p>\n","protected":false},"author":1,"featured_media":0,"parent":932,"menu_order":0,"comment_status":"closed","ping_status":"closed","template":"template-full.php","meta":{"footnotes":""},"class_list":["post-1458","page","type-page","status-publish","hentry"],"_links":{"self":[{"href":"https:\/\/kinderschutzbund-schopfheim.de\/index.php?rest_route=\/wp\/v2\/pages\/1458","targetHints":{"allow":["GET"]}}],"collection":[{"href":"https:\/\/kinderschutzbund-schopfheim.de\/index.php?rest_route=\/wp\/v2\/pages"}],"about":[{"href":"https:\/\/kinderschutzbund-schopfheim.de\/index.php?rest_route=\/wp\/v2\/types\/page"}],"author":[{"embeddable":true,"href":"https:\/\/kinderschutzbund-schopfheim.de\/index.php?rest_route=\/wp\/v2\/users\/1"}],"replies":[{"embeddable":true,"href":"https:\/\/kinderschutzbund-schopfheim.de\/index.php?rest_route=%2Fwp%2Fv2%2Fcomments&post=1458"}],"version-history":[{"count":12,"href":"https:\/\/kinderschutzbund-schopfheim.de\/index.php?rest_route=\/wp\/v2\/pages\/1458\/revisions"}],"predecessor-version":[{"id":3468,"href":"https:\/\/kinderschutzbund-schopfheim.de\/index.php?rest_route=\/wp\/v2\/pages\/1458\/revisions\/3468"}],"up":[{"embeddable":true,"href":"https:\/\/kinderschutzbund-schopfheim.de\/index.php?rest_route=\/wp\/v2\/pages\/932"}],"wp:attachment":[{"href":"https:\/\/kinderschutzbund-schopfheim.de\/index.php?rest_route=%2Fwp%2Fv2%2Fmedia&parent=1458"}],"curies":[{"name":"wp","href":"https:\/\/api.w.org\/{rel}","templated":true}]}}