{"id":1456,"date":"2018-05-24T21:21:17","date_gmt":"2018-05-24T15:21:17","guid":{"rendered":"http:\/\/kinderschutzbund-schopfheim.de\/?page_id=1456"},"modified":"2026-02-24T21:26:13","modified_gmt":"2026-02-24T15:26:13","slug":"mitglied-werden","status":"publish","type":"page","link":"https:\/\/kinderschutzbund-schopfheim.de\/?page_id=1456","title":{"rendered":"Mitglied werden"},"content":{"rendered":"<p><img loading=\"lazy\" decoding=\"async\" class=\"alignright size-full wp-image-1713 img-circle\" src=\"https:\/\/kinderschutzbund-schopfheim.de\/wp-content\/uploads\/2018\/05\/K0A1555.jpg\" alt=\"\" width=\"400\" height=\"400\" srcset=\"https:\/\/kinderschutzbund-schopfheim.de\/wp-content\/uploads\/2018\/05\/K0A1555.jpg 400w, https:\/\/kinderschutzbund-schopfheim.de\/wp-content\/uploads\/2018\/05\/K0A1555-150x150.jpg 150w, https:\/\/kinderschutzbund-schopfheim.de\/wp-content\/uploads\/2018\/05\/K0A1555-300x300.jpg 300w, https:\/\/kinderschutzbund-schopfheim.de\/wp-content\/uploads\/2018\/05\/K0A1555-365x365.jpg 365w, https:\/\/kinderschutzbund-schopfheim.de\/wp-content\/uploads\/2018\/05\/K0A1555-60x60.jpg 60w\" sizes=\"auto, (max-width: 400px) 100vw, 400px\" \/><\/p>\n<p><span style=\"color: #000000;\">Mitglied werden \u2013 Ja zum Kinderschutz!<\/span><br \/>\n<span style=\"color: #000000;\">Als gemeinn\u00fctziger Verein k\u00f6nnen wir nur arbeiten, wenn wir Mitglieder haben. Sie k\u00f6nnen als Mitglied auf vielf\u00e4ltige Weise mitarbeiten und\/oder uns durch ihren Mitgliedsbeitrag unterst\u00fctzen.<\/span><br \/>\n<span style=\"color: #000000;\">Unsere Mitglieder erhalten regelm\u00e4ssig die Zeitschrift <strong><a style=\"color: #000000;\" href=\"https:\/\/kinderschutzbund.de\/kinderschutz-das-magazin\/\" rel=\"noopener\">&#8222;Kinderschutz-Das Magazin&#8220;<\/a> <\/strong>sowie zweimal im Jahr per Post oder E-Mail Informationen \u00fcber unsere Arbeit.<\/span><br \/>\n<span style=\"color: #000000;\"><strong><span style=\"font-weight: normal;\">Die Mitgliedschaft kostet 30,- Euro\/Jahr (Minimum) und verpflichtet zu keiner ehrenamtlichen T\u00e4tigkeit. Familienmitgliedschaften kosten \u20ac 50\/ Jahr und Jugendmitgliedschaften sind kostenlos. <\/span><\/strong>Ihr Mitgliedsbeitrag ist steuerlich abzugsf\u00e4hig.<\/span><\/p>\n<p><span style=\"color: #000000;\"><strong><span style=\"font-weight: normal;\">Um beizutreten, f\u00fcllen Sie einfach das <strong><a style=\"color: #000000;\" href=\"https:\/\/kinderschutzbund-schopfheim.de\/?page_id=1871\">Online-Beitrittsformular<\/a><\/strong> aus. Alternativ k\u00f6nnen Sie auch die Print-Version des <strong><a style=\"color: #000000;\" href=\"https:\/\/kinderschutzbund-schopfheim.de\/wp-content\/uploads\/2024\/02\/mitgliederbeitrittserklaerungKSBaktualisiert2024.pdf\" target=\"_blank\" rel=\"noopener\">Beitrittsformulars<\/a><\/strong> ausf\u00fcllen und uns per Email oder Post zuschicken.\u00a0<\/span><\/strong><\/span><\/p>\n<p><span style=\"color: #000000;\"><strong>Wir freuen uns auf Sie als unser neues Mitglied.<\/strong><\/span><\/p>\n","protected":false},"excerpt":{"rendered":"<p>Mitglied werden \u2013 Ja zum Kinderschutz! Als gemeinn\u00fctziger Verein k\u00f6nnen wir nur arbeiten, wenn wir Mitglieder haben. Sie k\u00f6nnen als Mitglied auf vielf\u00e4ltige Weise mitarbeiten und\/oder uns durch ihren Mitgliedsbeitrag unterst\u00fctzen. Unsere Mitglieder erhalten regelm\u00e4ssig die Zeitschrift &#8222;Kinderschutz-Das Magazin&#8220; sowie zweimal im Jahr per Post oder E-Mail Informationen \u00fcber unsere Arbeit. Die Mitgliedschaft kostet 30,- [&hellip;]<\/p>\n","protected":false},"author":1,"featured_media":0,"parent":932,"menu_order":0,"comment_status":"closed","ping_status":"closed","template":"template-full.php","meta":{"footnotes":""},"class_list":["post-1456","page","type-page","status-publish","hentry"],"_links":{"self":[{"href":"https:\/\/kinderschutzbund-schopfheim.de\/index.php?rest_route=\/wp\/v2\/pages\/1456","targetHints":{"allow":["GET"]}}],"collection":[{"href":"https:\/\/kinderschutzbund-schopfheim.de\/index.php?rest_route=\/wp\/v2\/pages"}],"about":[{"href":"https:\/\/kinderschutzbund-schopfheim.de\/index.php?rest_route=\/wp\/v2\/types\/page"}],"author":[{"embeddable":true,"href":"https:\/\/kinderschutzbund-schopfheim.de\/index.php?rest_route=\/wp\/v2\/users\/1"}],"replies":[{"embeddable":true,"href":"https:\/\/kinderschutzbund-schopfheim.de\/index.php?rest_route=%2Fwp%2Fv2%2Fcomments&post=1456"}],"version-history":[{"count":19,"href":"https:\/\/kinderschutzbund-schopfheim.de\/index.php?rest_route=\/wp\/v2\/pages\/1456\/revisions"}],"predecessor-version":[{"id":3773,"href":"https:\/\/kinderschutzbund-schopfheim.de\/index.php?rest_route=\/wp\/v2\/pages\/1456\/revisions\/3773"}],"up":[{"embeddable":true,"href":"https:\/\/kinderschutzbund-schopfheim.de\/index.php?rest_route=\/wp\/v2\/pages\/932"}],"wp:attachment":[{"href":"https:\/\/kinderschutzbund-schopfheim.de\/index.php?rest_route=%2Fwp%2Fv2%2Fmedia&parent=1456"}],"curies":[{"name":"wp","href":"https:\/\/api.w.org\/{rel}","templated":true}]}}