{"id":1438,"date":"2018-05-24T20:46:05","date_gmt":"2018-05-24T14:46:05","guid":{"rendered":"http:\/\/kinderschutzbund-schopfheim.de\/?page_id=1438"},"modified":"2026-02-03T18:53:15","modified_gmt":"2026-02-03T12:53:15","slug":"kinderschutzfachkrafte","status":"publish","type":"page","link":"https:\/\/kinderschutzbund-schopfheim.de\/?page_id=1438","title":{"rendered":"Kinderschutzfachkr\u00e4fte"},"content":{"rendered":"<p><span style=\"color: #000000;\"><strong>Insoweit erfahrene Kinderschutzfachkr\u00e4fte (IseF)\u201c im Landkreis L\u00f6rrach<img loading=\"lazy\" decoding=\"async\" class=\"alignright size-full wp-image-1678 img-circle\" src=\"https:\/\/kinderschutzbund-schopfheim.de\/wp-content\/uploads\/2018\/05\/59.jpg\" alt=\"\" width=\"400\" height=\"400\" srcset=\"https:\/\/kinderschutzbund-schopfheim.de\/wp-content\/uploads\/2018\/05\/59.jpg 400w, https:\/\/kinderschutzbund-schopfheim.de\/wp-content\/uploads\/2018\/05\/59-150x150.jpg 150w, https:\/\/kinderschutzbund-schopfheim.de\/wp-content\/uploads\/2018\/05\/59-300x300.jpg 300w, https:\/\/kinderschutzbund-schopfheim.de\/wp-content\/uploads\/2018\/05\/59-365x365.jpg 365w\" sizes=\"auto, (max-width: 400px) 100vw, 400px\" \/><\/strong><\/span><\/p>\n<div class=\"content_bg\">\n<div class=\"container_24\">\n<div class=\"grid_24 content_wrapper\">\n<div class=\"grid_16 content_wrap alpha\">\n<div class=\"content\">\n<p><span style=\"color: #000000;\">IseF unterst\u00fctzen Fachkr\u00e4fte aus der Kinder- und Jugendarbeit bei der Gef\u00e4hrdungseinsch\u00e4tzung im Bereich Kindeswohl gem\u00e4ss \u00a7 4 KKG, BKiSchG, Gesetz zur Kooperation und Information im Kinderschutz bzw. gem\u00e4ss \u00a78a SGB VIII.<\/span><\/p>\n<\/div>\n<\/div>\n<\/div>\n<\/div>\n<\/div>\n<p><span style=\"color: #000000;\"><strong>IseFs beim Kinderschutzbund Schopfheim e.V.<\/strong><\/span><br \/>\n<span style=\"color: #000000;\">Tel.: 07622 63929 | E-Mail: <a style=\"color: #000000;\" href=\"mailto:a.homberg@kinderschutzbund-schopfheim.de\">info@kinderschutzbund-schopfheim.de<\/a><\/span><br \/>\n<span style=\"color: #000000;\">IseFs: Frau Homberg und Frau Sethmann-Laudert<\/span><\/p>\n<p><span style=\"color: #000000;\"><strong>ALLE Kontaktadressen <\/strong><strong>der \u201einsoweit erfahrenen Kinderschutzfachkr\u00e4fte\u201c im Landkreis L\u00f6rrach finden Sie in unserem <a style=\"color: #000000;\" href=\"https:\/\/kinderschutzbund-schopfheim.de\/?page_id=1420\" target=\"_blank\" rel=\"noopener\">Downloadbereich<\/a><\/strong>.<\/span><\/p>\n<p><span style=\"color: #000000;\">Wenn Sie sich dar\u00fcberhinaus \u00fcber den Kinderschutz im Landkreis L\u00f6rrach informieren m\u00f6chten, besuchen Sie bitte den Wegweiser <a style=\"color: #000000;\" href=\"https:\/\/www.loerrach-landkreis.de\/kinderschutz\">https:\/\/www.loerrach-landkreis.de\/kinderschutz<\/a>.<\/span><\/p>\n<p><strong>\u00a0<\/strong><\/p>\n","protected":false},"excerpt":{"rendered":"<p>Insoweit erfahrene Kinderschutzfachkr\u00e4fte (IseF)\u201c im Landkreis L\u00f6rrach IseF unterst\u00fctzen Fachkr\u00e4fte aus der Kinder- und Jugendarbeit bei der Gef\u00e4hrdungseinsch\u00e4tzung im Bereich Kindeswohl gem\u00e4ss \u00a7 4 KKG, BKiSchG, Gesetz zur Kooperation und Information im Kinderschutz bzw. gem\u00e4ss \u00a78a SGB VIII. IseFs beim Kinderschutzbund Schopfheim e.V. Tel.: 07622 63929 | E-Mail: info@kinderschutzbund-schopfheim.de IseFs: Frau Homberg und Frau Sethmann-Laudert [&hellip;]<\/p>\n","protected":false},"author":1,"featured_media":0,"parent":15,"menu_order":0,"comment_status":"closed","ping_status":"closed","template":"template-full.php","meta":{"footnotes":""},"class_list":["post-1438","page","type-page","status-publish","hentry"],"_links":{"self":[{"href":"https:\/\/kinderschutzbund-schopfheim.de\/index.php?rest_route=\/wp\/v2\/pages\/1438","targetHints":{"allow":["GET"]}}],"collection":[{"href":"https:\/\/kinderschutzbund-schopfheim.de\/index.php?rest_route=\/wp\/v2\/pages"}],"about":[{"href":"https:\/\/kinderschutzbund-schopfheim.de\/index.php?rest_route=\/wp\/v2\/types\/page"}],"author":[{"embeddable":true,"href":"https:\/\/kinderschutzbund-schopfheim.de\/index.php?rest_route=\/wp\/v2\/users\/1"}],"replies":[{"embeddable":true,"href":"https:\/\/kinderschutzbund-schopfheim.de\/index.php?rest_route=%2Fwp%2Fv2%2Fcomments&post=1438"}],"version-history":[{"count":25,"href":"https:\/\/kinderschutzbund-schopfheim.de\/index.php?rest_route=\/wp\/v2\/pages\/1438\/revisions"}],"predecessor-version":[{"id":3456,"href":"https:\/\/kinderschutzbund-schopfheim.de\/index.php?rest_route=\/wp\/v2\/pages\/1438\/revisions\/3456"}],"up":[{"embeddable":true,"href":"https:\/\/kinderschutzbund-schopfheim.de\/index.php?rest_route=\/wp\/v2\/pages\/15"}],"wp:attachment":[{"href":"https:\/\/kinderschutzbund-schopfheim.de\/index.php?rest_route=%2Fwp%2Fv2%2Fmedia&parent=1438"}],"curies":[{"name":"wp","href":"https:\/\/api.w.org\/{rel}","templated":true}]}}