{"id":1432,"date":"2018-05-24T20:45:20","date_gmt":"2018-05-24T14:45:20","guid":{"rendered":"http:\/\/kinderschutzbund-schopfheim.de\/?page_id=1432"},"modified":"2026-04-01T15:35:21","modified_gmt":"2026-04-01T09:35:21","slug":"eltern-groselternkurse","status":"publish","type":"page","link":"https:\/\/kinderschutzbund-schopfheim.de\/?page_id=1432","title":{"rendered":"Elternkurse"},"content":{"rendered":"\n<p class=\"has-text-color has-link-color has-small-font-size wp-elements-fcae7478e22b294d4919e8dcd048faec\" style=\"color:#060606\">Die n\u00e4chsten Elternabende am 28.4.2026 Thema: &#8222;WUT und TROTZ&#8220;  und am 7.07.2026 jeweils von 19.00-21.00 Uhr:<br><em>\u201eLiebe Eltern, Sie erwarten Abende mit Informationen, Selbsterfahrung und\u00a0 Austausch zu Erziehungsthemen. Im Austausch mit anderen Eltern werden diese Fragen thematisiert. Wir m\u00f6chten Ihnen m\u00f6glichst viel Handwerkszeug mitgeben, damit Sie im Erziehungsalltag darauf zur\u00fcckgreifen k\u00f6nnen.\u201c<\/em><\/p>\n\n\n<div class=\"wp-block-image\">\n<figure class=\"alignright\"><img loading=\"lazy\" decoding=\"async\" width=\"173\" height=\"187\" src=\"https:\/\/kinderschutzbund-schopfheim.de\/wp-content\/uploads\/2022\/05\/NeuesSESKLogoab052022.jpg\" alt=\"\" class=\"wp-image-2735\" srcset=\"https:\/\/kinderschutzbund-schopfheim.de\/wp-content\/uploads\/2022\/05\/NeuesSESKLogoab052022.jpg 173w, https:\/\/kinderschutzbund-schopfheim.de\/wp-content\/uploads\/2022\/05\/NeuesSESKLogoab052022-22x24.jpg 22w, https:\/\/kinderschutzbund-schopfheim.de\/wp-content\/uploads\/2022\/05\/NeuesSESKLogoab052022-33x36.jpg 33w, https:\/\/kinderschutzbund-schopfheim.de\/wp-content\/uploads\/2022\/05\/NeuesSESKLogoab052022-44x48.jpg 44w\" sizes=\"auto, (max-width: 173px) 100vw, 173px\" \/><\/figure>\n<\/div>\n\n\n<p class=\"has-text-color has-link-color has-small-font-size wp-elements-e1ec8c37f710f5c8eb60bfc6af9b31ab\" style=\"color:#090909\">Viele Eltern f\u00fchlen sich im Familienalltag oft \u00fcberfordert oder unsicher und w\u00fcnschen sich mehr Leichtigkeit und Freude im Umgang mit ihren Kindern. Daf\u00fcr hat der Kinderschutzbund den Elternkurs Starke Eltern \u2013 Starke Kinder<sup>\u00ae<\/sup> entwickelt.<\/p>\n\n\n\n<p class=\"has-text-color has-link-color has-small-font-size wp-elements-f70e2f81d37f0e2bded4342ceb272061\" style=\"color:#090909\"><a href=\"mailto:info@kinderschutzbund-schopfheim.de\" rel=\"noopener\">Zum Kurs anmelden.<\/a>&nbsp;<a href=\"https:\/\/sesk.de\/\" target=\"_blank\" rel=\"noopener\"><strong>Mehr \u00fcber Kursinhalte erfahren.<\/strong><\/a><\/p>\n\n\n\n<p><\/p>\n","protected":false},"excerpt":{"rendered":"<p>Die n\u00e4chsten Elternabende am 28.4.2026 Thema: &#8222;WUT und TROTZ&#8220; und am 7.07.2026 jeweils von 19.00-21.00 Uhr:\u201eLiebe Eltern, Sie erwarten Abende mit Informationen, Selbsterfahrung und\u00a0 Austausch zu Erziehungsthemen. Im Austausch mit anderen Eltern werden diese Fragen thematisiert. Wir m\u00f6chten Ihnen m\u00f6glichst viel Handwerkszeug mitgeben, damit Sie im Erziehungsalltag darauf zur\u00fcckgreifen k\u00f6nnen.\u201c Viele Eltern f\u00fchlen sich im [&hellip;]<\/p>\n","protected":false},"author":1,"featured_media":0,"parent":15,"menu_order":0,"comment_status":"closed","ping_status":"closed","template":"template-full.php","meta":{"footnotes":""},"class_list":["post-1432","page","type-page","status-publish","hentry"],"_links":{"self":[{"href":"https:\/\/kinderschutzbund-schopfheim.de\/index.php?rest_route=\/wp\/v2\/pages\/1432","targetHints":{"allow":["GET"]}}],"collection":[{"href":"https:\/\/kinderschutzbund-schopfheim.de\/index.php?rest_route=\/wp\/v2\/pages"}],"about":[{"href":"https:\/\/kinderschutzbund-schopfheim.de\/index.php?rest_route=\/wp\/v2\/types\/page"}],"author":[{"embeddable":true,"href":"https:\/\/kinderschutzbund-schopfheim.de\/index.php?rest_route=\/wp\/v2\/users\/1"}],"replies":[{"embeddable":true,"href":"https:\/\/kinderschutzbund-schopfheim.de\/index.php?rest_route=%2Fwp%2Fv2%2Fcomments&post=1432"}],"version-history":[{"count":34,"href":"https:\/\/kinderschutzbund-schopfheim.de\/index.php?rest_route=\/wp\/v2\/pages\/1432\/revisions"}],"predecessor-version":[{"id":3915,"href":"https:\/\/kinderschutzbund-schopfheim.de\/index.php?rest_route=\/wp\/v2\/pages\/1432\/revisions\/3915"}],"up":[{"embeddable":true,"href":"https:\/\/kinderschutzbund-schopfheim.de\/index.php?rest_route=\/wp\/v2\/pages\/15"}],"wp:attachment":[{"href":"https:\/\/kinderschutzbund-schopfheim.de\/index.php?rest_route=%2Fwp%2Fv2%2Fmedia&parent=1432"}],"curies":[{"name":"wp","href":"https:\/\/api.w.org\/{rel}","templated":true}]}}