{"id":1430,"date":"2018-05-24T20:44:56","date_gmt":"2018-05-24T14:44:56","guid":{"rendered":"http:\/\/kinderschutzbund-schopfheim.de\/?page_id=1430"},"modified":"2026-03-11T14:15:51","modified_gmt":"2026-03-11T08:15:51","slug":"babysitterkurse","status":"publish","type":"page","link":"https:\/\/kinderschutzbund-schopfheim.de\/?page_id=1430","title":{"rendered":"Babysitter"},"content":{"rendered":"<div class=\"wp-block-image\">\n<figure class=\"alignright\"><img loading=\"lazy\" decoding=\"async\" width=\"400\" height=\"400\" src=\"https:\/\/kinderschutzbund-schopfheim.de\/wp-content\/uploads\/2018\/05\/43-e1527315066993.jpg\" alt=\"\" class=\"wp-image-1676\" srcset=\"https:\/\/kinderschutzbund-schopfheim.de\/wp-content\/uploads\/2018\/05\/43-e1527315066993.jpg 400w, https:\/\/kinderschutzbund-schopfheim.de\/wp-content\/uploads\/2018\/05\/43-e1527315066993-150x150.jpg 150w, https:\/\/kinderschutzbund-schopfheim.de\/wp-content\/uploads\/2018\/05\/43-e1527315066993-300x300.jpg 300w, https:\/\/kinderschutzbund-schopfheim.de\/wp-content\/uploads\/2018\/05\/43-e1527315066993-365x365.jpg 365w\" sizes=\"auto, (max-width: 400px) 100vw, 400px\" \/><\/figure>\n<\/div>\n\n\n<p class=\"has-text-color has-link-color has-small-font-size wp-elements-0d202ef5e75358aa84a4e354afe0a786\" style=\"color:#0d0d0d\">Babysitter werden?<br>Bei uns gibt&#8217;s Babysitterkurse f\u00fcr Sch\u00fclerinnen und Sch\u00fcler ab 14 Jahren, die Freude am Umgang mit kleinen Kindern haben. In 6 Stunden lernst Du etwas \u00fcber den Umgang mit Kindern in diversen Entwicklungsstufen, Kinderkrankheiten, Unfallgefahren, Erste Hilfe, Kinderspiele, Babysitter-Rechte &amp; Pflichten. Nach Kursabschluss bist Du zertifizierter Babysitter und kannst Dich auf Wunsch von uns vermitteln lassen.<br>Kursleitung: Kirsten Trefzger.<br>Kurskosten: 25 \u20ac<br>Kurstermine: An einem Samstag von 10-17 Uhr in den R\u00e4umen des Kinderschutzbundes in Schopfheim.<br>Der n\u00e4chste <a href=\"https:\/\/kinderschutzbund-schopfheim.de\/?page_id=1420\" target=\"_blank\" rel=\"noopener\">Kurs<\/a> beginnt bald. <\/p>\n\n\n\n<p class=\"has-text-color has-link-color has-small-font-size wp-elements-86b7ad4e03a9888d27a40ec91d4555d4\" style=\"color:#0d0d0d\"><strong>Babysitter gesucht?<\/strong><br>Wir vermitteln Babysitter, kontaktieren Sie un.<br><strong><br><\/strong>Bei Fragen senden Sie uns eine <a href=\"mailto:info@kinderschutzbund-schopfheim.de\"><strong>E-Mail<\/strong><\/a><\/p>\n\n\n\n<p class=\"has-gateway-dark-gray-color has-text-color has-link-color has-medium-font-size wp-elements-1655dd22aaedf5e70609916b3c6c63e2\"><\/p>\n","protected":false},"excerpt":{"rendered":"<p>Babysitter werden?Bei uns gibt&#8217;s Babysitterkurse f\u00fcr Sch\u00fclerinnen und Sch\u00fcler ab 14 Jahren, die Freude am Umgang mit kleinen Kindern haben. In 6 Stunden lernst Du etwas \u00fcber den Umgang mit Kindern in diversen Entwicklungsstufen, Kinderkrankheiten, Unfallgefahren, Erste Hilfe, Kinderspiele, Babysitter-Rechte &amp; Pflichten. Nach Kursabschluss bist Du zertifizierter Babysitter und kannst Dich auf Wunsch von uns [&hellip;]<\/p>\n","protected":false},"author":1,"featured_media":0,"parent":15,"menu_order":0,"comment_status":"closed","ping_status":"closed","template":"template-full.php","meta":{"footnotes":""},"class_list":["post-1430","page","type-page","status-publish","hentry"],"_links":{"self":[{"href":"https:\/\/kinderschutzbund-schopfheim.de\/index.php?rest_route=\/wp\/v2\/pages\/1430","targetHints":{"allow":["GET"]}}],"collection":[{"href":"https:\/\/kinderschutzbund-schopfheim.de\/index.php?rest_route=\/wp\/v2\/pages"}],"about":[{"href":"https:\/\/kinderschutzbund-schopfheim.de\/index.php?rest_route=\/wp\/v2\/types\/page"}],"author":[{"embeddable":true,"href":"https:\/\/kinderschutzbund-schopfheim.de\/index.php?rest_route=\/wp\/v2\/users\/1"}],"replies":[{"embeddable":true,"href":"https:\/\/kinderschutzbund-schopfheim.de\/index.php?rest_route=%2Fwp%2Fv2%2Fcomments&post=1430"}],"version-history":[{"count":35,"href":"https:\/\/kinderschutzbund-schopfheim.de\/index.php?rest_route=\/wp\/v2\/pages\/1430\/revisions"}],"predecessor-version":[{"id":3900,"href":"https:\/\/kinderschutzbund-schopfheim.de\/index.php?rest_route=\/wp\/v2\/pages\/1430\/revisions\/3900"}],"up":[{"embeddable":true,"href":"https:\/\/kinderschutzbund-schopfheim.de\/index.php?rest_route=\/wp\/v2\/pages\/15"}],"wp:attachment":[{"href":"https:\/\/kinderschutzbund-schopfheim.de\/index.php?rest_route=%2Fwp%2Fv2%2Fmedia&parent=1430"}],"curies":[{"name":"wp","href":"https:\/\/api.w.org\/{rel}","templated":true}]}}