{"id":11,"date":"2011-04-07T22:44:34","date_gmt":"2011-04-07T16:44:34","guid":{"rendered":"http:\/\/kinderschutzbund-schopfheim.de\/?page_id=11"},"modified":"2026-03-11T14:18:05","modified_gmt":"2026-03-11T08:18:05","slug":"familienpatinnen","status":"publish","type":"page","link":"https:\/\/kinderschutzbund-schopfheim.de\/?page_id=11","title":{"rendered":"Familienpaten"},"content":{"rendered":"<div class=\"wp-block-image is-style-default\">\n<figure class=\"alignright\"><img loading=\"lazy\" decoding=\"async\" width=\"400\" height=\"400\" src=\"https:\/\/kinderschutzbund-schopfheim.de\/wp-content\/uploads\/2018\/05\/63.jpg\" alt=\"\" class=\"wp-image-1685\" srcset=\"https:\/\/kinderschutzbund-schopfheim.de\/wp-content\/uploads\/2018\/05\/63.jpg 400w, https:\/\/kinderschutzbund-schopfheim.de\/wp-content\/uploads\/2018\/05\/63-150x150.jpg 150w, https:\/\/kinderschutzbund-schopfheim.de\/wp-content\/uploads\/2018\/05\/63-300x300.jpg 300w, https:\/\/kinderschutzbund-schopfheim.de\/wp-content\/uploads\/2018\/05\/63-365x365.jpg 365w\" sizes=\"auto, (max-width: 400px) 100vw, 400px\" \/><\/figure>\n<\/div>\n\n\n<p class=\"has-text-color has-link-color has-small-font-size wp-elements-91cb2422de876992d8523fe355ca1b71\" style=\"color:#111010\">Ziele und Zielgruppen<br>Ziele des Projekts sind die Entlastung und Unterst\u00fctzung der Familie im Alltag sowie die St\u00e4rkung der Eltern-Kind-Beziehung. Das Familienpatenprojekt ist f\u00fcr Familien im Landkreis L\u00f6rrach, in denen mindestens ein Kind j\u00fcnger als drei Jahre ist.<\/p>\n\n\n\n<p class=\"has-text-color has-link-color has-small-font-size wp-elements-480981160bf2055ec8af89bbb2ef534f\" style=\"color:#080808\">Voraussetzungen f\u00fcr Paten<strong><br><\/strong>Potentielle Paten sollen Freude am Umgang mit Kindern, Bereitschaft zu sozialem Engagement und Aufgeschlossenheit anderen gegen\u00fcber mitbringen. Unabdingbar f\u00fcr den Einsatz der ehrenamtlichen Paten ist die Abgabe eines erweiterten F\u00fchrungszeugnisses.<\/p>\n\n\n\n<p class=\"has-text-color has-link-color has-small-font-size wp-elements-09605f55d32d31106056fc199f28fba2\" style=\"color:#0b0b0b\">Wie wird man <a href=\"https:\/\/kinderschutzbund-schopfheim.de\/wp-content\/uploads\/2017\/02\/KSB_Erl\u00e4uterungJobPatinnen_2017_Feb.pdf\" target=\"_blank\" rel=\"noopener\">Familienpate<\/a>, wie umfangreich ist das Engagement?<strong><br><\/strong>Familienpaten werden vom Kinderschutzbund Schopfheim kostenlos ausgebildet und bei ihrer Arbeit begleitet. Die gut vorbereitende Ausbildung und Begleitung der Paten \u00fcbernehmen feste Mitarbeiterinnen des Kinderschutzbundes in Schopfheim. Familienpaten unterst\u00fctzen Familien mit kleinen Kindern. Die ehrenamtlichen Familienpaten werden im gesamten Landkreis L\u00f6rrach eingesetzt.\u00a0 Sie unterst\u00fctzen die Familien einmal pro Woche f\u00fcr ca. 2-3 Stunden \u00fcber einen Zeitraum von 6 bis maximal 12 Monaten.<br>Hier geht es zum <strong><a href=\"https:\/\/vimeo.com\/504742504\" target=\"_blank\" rel=\"noreferrer noopener\">Erkl\u00e4rvideo<\/a> <\/strong>zum Thema Familienpaten.<br>Der n\u00e4chste Kurs beginnt <strong>im April 26<\/strong>. Das Programm des aktuellen Ausbildungskurses finden Sie in unserem <strong><a href=\"https:\/\/kinderschutzbund-schopfheim.de\/?page_id=1420\" target=\"_blank\" rel=\"noreferrer noopener\">Download<\/a> <\/strong>Bereich. Haben Sie Interesse?\u00a0Dann melden Sie sich bitte\u00a0<strong>per <\/strong>Mail oder telefonisch bei uns.<\/p>\n\n\n\n<p class=\"has-text-color has-link-color has-small-font-size wp-elements-8dedd2c6a9c7a8ddbe3d62cfa60f2a02\" style=\"color:#0b0a0a\">Was leisten Familienpaten in der Familie?<strong><br><\/strong>Sie begleiten und unterst\u00fctzen Familien mit Neugeborenen und kleinen Kindern, helfen bei der Bew\u00e4ltigung konkreter Aufgaben im Familienleben, unterst\u00fctzen bei der Familienorganisation.<\/p>\n\n\n\n<p class=\"has-text-color has-link-color has-small-font-size wp-elements-79767368b489fbdb5e6495896047db2e\" style=\"color:#0c0c0c\">Familien nehmen Familienpaten in Anspruch, wenn sie<br>&#8211; nach der Geburt ihres Kindes Unterst\u00fctzung brauchen<br>&#8211; sich in einer besonderen Belastungssituation mit Kindern befinden<br>&#8211; allein erziehend sind<br>&#8211; in problematischer Trennung oder Scheidung leben<br>&#8211; im Landkreis L\u00f6rrach leben und noch ungen\u00fcgend integriert sind<br>&#8211; Probleme mit der Betreuung der Geschwisterkinder haben<br>Der Kinderschutzbund Schopfheim besucht die Familien und entscheidet dann gemeinsam mit der Familie das weitere Vorgehen.&nbsp;Die Leistungen der Familienpaten sind f\u00fcr die Familie kostenlos.<\/p>\n\n\n\n<p class=\"has-text-color has-link-color has-small-font-size wp-elements-0a39b1eee58ddbe00d738b0c8775b940\" style=\"color:#060606\">Unterst\u00fctzung suchende Familien wenden sich an die <strong>Fachstellen Fr\u00fche Hilfen <\/strong>in L\u00f6rrach, Rheinfelden, Weil am Rhein und Schopfheim. Ihre AnsprechpartnerInnen finden Sie <a href=\"https:\/\/www.loerrach-landkreis.de\/de\/Rat-Hilfe\/Beratung\/Psychologische-Beratungsstelle\/Fachstelle-Fruehe-Hilfen\" target=\"_blank\" rel=\"noopener\"><strong>hier.<\/strong><\/a><br>Tel.:&nbsp;07621 410 5333. Dienstag &#8211; Donnerstag 9-12 Uhr pers\u00f6nlich besetzt (ansonsten AB)<br>Mail: <a href=\"mailto:fruehehilfen@loerrach-landkreis.de\">fruehehilfen@loerrach-landkreis.de <\/a>&nbsp;Website:<strong>&nbsp;<a href=\"https:\/\/www.loerrach-landkreis.de\/fh\">www.loerrach-landkreis.de\/fh<\/a><\/strong><\/p>\n\n\n\n<p class=\"has-text-color has-link-color has-small-font-size wp-elements-229a934d42e16a243636e586b4f05665\" style=\"color:#0b0a0a\">Familien k\u00f6nnen sich auch direkt an uns wenden.<br>Deutscher Kinderschutzbund Ortsverband Schopfheim e.V.<br>Wehrer Str. 5&nbsp; |&nbsp; 79650 Schopfheim<br>AnsprechpartnerInnen: <strong><a href=\"mailto:familienpaten@kinderschutzbund-schopfheim.de\">Anja Sethmann-Laudert<\/a> <\/strong>und <strong><a href=\"mailto:a.homberg@kinderschutzbund-schopfheim.de\">Anna Homberg<\/a>. <\/strong>Telefon +49 7622 639 29&nbsp;Mo &#8211; Fr. 09:00-12:00 Uhr<strong><br><\/strong><\/p>\n\n\n<div class=\"wp-block-image\">\n<figure class=\"alignright\"><a href=\"https:\/\/kinderschutzbund-schopfheim.de\/wp-content\/uploads\/2018\/12\/NetzwerkFrueheHilfenLKLoeLogo.jpg\"><img loading=\"lazy\" decoding=\"async\" width=\"100\" height=\"100\" src=\"https:\/\/kinderschutzbund-schopfheim.de\/wp-content\/uploads\/2018\/12\/NetzwerkFrueheHilfenLKLoeLogo.jpg\" alt=\"\" class=\"wp-image-2125\" srcset=\"https:\/\/kinderschutzbund-schopfheim.de\/wp-content\/uploads\/2018\/12\/NetzwerkFrueheHilfenLKLoeLogo.jpg 100w, https:\/\/kinderschutzbund-schopfheim.de\/wp-content\/uploads\/2018\/12\/NetzwerkFrueheHilfenLKLoeLogo-24x24.jpg 24w, https:\/\/kinderschutzbund-schopfheim.de\/wp-content\/uploads\/2018\/12\/NetzwerkFrueheHilfenLKLoeLogo-36x36.jpg 36w, https:\/\/kinderschutzbund-schopfheim.de\/wp-content\/uploads\/2018\/12\/NetzwerkFrueheHilfenLKLoeLogo-48x48.jpg 48w\" sizes=\"auto, (max-width: 100px) 100vw, 100px\" \/><\/a><\/figure>\n<\/div>\n\n<div class=\"wp-block-image\">\n<figure class=\"alignright\"><img loading=\"lazy\" decoding=\"async\" width=\"116\" height=\"40\" src=\"https:\/\/kinderschutzbund-schopfheim.de\/wp-content\/uploads\/2021\/06\/Logo_NFP_BW_RGB_WEB-e1624446973138.jpg\" alt=\"\" class=\"wp-image-2569\"\/><\/figure>\n<\/div>\n\n\n<p class=\"has-text-color has-link-color has-small-font-size wp-elements-93c846fc24fd08bbef95317fecfac466\" style=\"color:#090909\">Der Kinderschutzbund Schopfheim ist Tr\u00e4ger des Projektes &#8222;Fr\u00fche Hilfen: Familienpaten&#8220;. Das Projekt wird unterst\u00fctzt und gef\u00f6rdert durch den Landkreis L\u00f6rrach und durch die Bundesstiftung Fr\u00fche Hilfen. Wir sind einer der 46 Standorte im <a href=\"https:\/\/www.netzwerk-familienpaten-bw.de\/\" target=\"_blank\" rel=\"noopener\"><strong>Netzwerk Familienpaten in Baden-W\u00fcrttemberg.<\/strong><\/a><\/p>\n\n\n\n<p class=\"has-text-color has-link-color wp-elements-73a16ff6e5adc81a5620d6a250b94323\" style=\"color:#070707\"><strong>Gef\u00f6rdert von:<\/strong><\/p>\n\n\n<div class=\"wp-block-image\">\n<figure class=\"alignleft\"><a href=\"https:\/\/kinderschutzbund-schopfheim.de\/wp-content\/uploads\/2019\/01\/Logoleiste-Bundesstiftung-FH-und-BMFSFJ-RGB.jpg\"><img loading=\"lazy\" decoding=\"async\" width=\"300\" height=\"105\" src=\"https:\/\/kinderschutzbund-schopfheim.de\/wp-content\/uploads\/2019\/01\/Logoleiste-Bundesstiftung-FH-und-BMFSFJ-RGB-300x105.jpg\" alt=\"\" class=\"wp-image-2145\" srcset=\"https:\/\/kinderschutzbund-schopfheim.de\/wp-content\/uploads\/2019\/01\/Logoleiste-Bundesstiftung-FH-und-BMFSFJ-RGB-300x105.jpg 300w, https:\/\/kinderschutzbund-schopfheim.de\/wp-content\/uploads\/2019\/01\/Logoleiste-Bundesstiftung-FH-und-BMFSFJ-RGB-768x268.jpg 768w, https:\/\/kinderschutzbund-schopfheim.de\/wp-content\/uploads\/2019\/01\/Logoleiste-Bundesstiftung-FH-und-BMFSFJ-RGB-1024x357.jpg 1024w, https:\/\/kinderschutzbund-schopfheim.de\/wp-content\/uploads\/2019\/01\/Logoleiste-Bundesstiftung-FH-und-BMFSFJ-RGB-24x8.jpg 24w, https:\/\/kinderschutzbund-schopfheim.de\/wp-content\/uploads\/2019\/01\/Logoleiste-Bundesstiftung-FH-und-BMFSFJ-RGB-36x13.jpg 36w, https:\/\/kinderschutzbund-schopfheim.de\/wp-content\/uploads\/2019\/01\/Logoleiste-Bundesstiftung-FH-und-BMFSFJ-RGB-48x17.jpg 48w, https:\/\/kinderschutzbund-schopfheim.de\/wp-content\/uploads\/2019\/01\/Logoleiste-Bundesstiftung-FH-und-BMFSFJ-RGB.jpg 1421w\" sizes=\"auto, (max-width: 300px) 100vw, 300px\" \/><\/a><\/figure>\n<\/div>\n\n\n<p><\/p>\n\n\n\n<form id=\"aspnetForm\" action=\".\/familienpaten\" method=\"post\" data-dpmaxz-fid=\"1\">\n<div class=\"page_margins\">\n<div class=\"page\">\n<div id=\"main\">\n<div id=\"col3\" role=\"complementary\">\n<div id=\"col3_content\" class=\"clearfix\">\n<div class=\"lead-block\">\n<div class=\" time-table borderBox liWithRedBullet\">\n<div class=\"content\">&nbsp;<\/div>\n<\/div>\n<\/div>\n<\/div>\n<\/div>\n<\/div>\n<\/div>\n<\/div>\n<\/form>\n","protected":false},"excerpt":{"rendered":"<p>Ziele und ZielgruppenZiele des Projekts sind die Entlastung und Unterst\u00fctzung der Familie im Alltag sowie die St\u00e4rkung der Eltern-Kind-Beziehung. Das Familienpatenprojekt ist f\u00fcr Familien im Landkreis L\u00f6rrach, in denen mindestens ein Kind j\u00fcnger als drei Jahre ist. Voraussetzungen f\u00fcr PatenPotentielle Paten sollen Freude am Umgang mit Kindern, Bereitschaft zu sozialem Engagement und Aufgeschlossenheit anderen gegen\u00fcber [&hellip;]<\/p>\n","protected":false},"author":1,"featured_media":0,"parent":15,"menu_order":0,"comment_status":"closed","ping_status":"closed","template":"template-full.php","meta":{"footnotes":""},"class_list":["post-11","page","type-page","status-publish","hentry"],"_links":{"self":[{"href":"https:\/\/kinderschutzbund-schopfheim.de\/index.php?rest_route=\/wp\/v2\/pages\/11","targetHints":{"allow":["GET"]}}],"collection":[{"href":"https:\/\/kinderschutzbund-schopfheim.de\/index.php?rest_route=\/wp\/v2\/pages"}],"about":[{"href":"https:\/\/kinderschutzbund-schopfheim.de\/index.php?rest_route=\/wp\/v2\/types\/page"}],"author":[{"embeddable":true,"href":"https:\/\/kinderschutzbund-schopfheim.de\/index.php?rest_route=\/wp\/v2\/users\/1"}],"replies":[{"embeddable":true,"href":"https:\/\/kinderschutzbund-schopfheim.de\/index.php?rest_route=%2Fwp%2Fv2%2Fcomments&post=11"}],"version-history":[{"count":126,"href":"https:\/\/kinderschutzbund-schopfheim.de\/index.php?rest_route=\/wp\/v2\/pages\/11\/revisions"}],"predecessor-version":[{"id":3902,"href":"https:\/\/kinderschutzbund-schopfheim.de\/index.php?rest_route=\/wp\/v2\/pages\/11\/revisions\/3902"}],"up":[{"embeddable":true,"href":"https:\/\/kinderschutzbund-schopfheim.de\/index.php?rest_route=\/wp\/v2\/pages\/15"}],"wp:attachment":[{"href":"https:\/\/kinderschutzbund-schopfheim.de\/index.php?rest_route=%2Fwp%2Fv2%2Fmedia&parent=11"}],"curies":[{"name":"wp","href":"https:\/\/api.w.org\/{rel}","templated":true}]}}